{"id":29238,"date":"2019-12-20T16:46:26","date_gmt":"2019-12-20T15:46:26","guid":{"rendered":"http:\/\/caft2wear.co\/?page_id=29238"},"modified":"2021-04-04T19:19:10","modified_gmt":"2021-04-04T18:19:10","slug":"termes-et-conditions-dutilisation-du-site","status":"publish","type":"page","link":"https:\/\/caft2wear.com\/fr\/termes-et-conditions-dutilisation-du-site\/","title":{"rendered":"Termes et conditions d\u2019utilisation du site"},"content":{"rendered":"<p><strong>Termes &amp; Conditions<\/strong><\/p>\n<p>L\u2019acc\u00e8s et l\u2019utilisation de ce site impliquent l\u2019acceptation des termes et conditions g\u00e9n\u00e9rales qui suivent. Caft2wear se r\u00e9serve le droit de changer ces termes et conditions \u00e0 tout moment et sans pr\u00e9avis.<\/p>\n<p><strong>Avis de non-responsabilit\u00e9<\/strong><br \/>\nL\u2019ensemble de ce site rel\u00e8ve de la l\u00e9gislation marocaine et internationale sur le droit d\u2019auteur et la propri\u00e9t\u00e9 intellectuelle. Tous les droits de reproduction sont r\u00e9serv\u00e9s, y compris pour les textes et les repr\u00e9sentations iconographiques et photographiques. Aucun \u00e9l\u00e9ment composant le site ne peut \u00eatre copi\u00e9, reproduit, modifi\u00e9, publi\u00e9, transmis ou distribu\u00e9 de quelque mani\u00e8re que ce soit, de fa\u00e7on partielle ou int\u00e9grale, sans une autorisation pr\u00e9alable \u00e9crite du Caft2wear. Vous pouvez contacter l\u2019entreprise en \u00e9crivant \u00e0 l\u2019adresse mail mentionn\u00e9.<\/p>\n<p><strong>Droit d\u2019auteur \u2013 copyright<\/strong><\/p>\n<p>Afin de veiller \u00e0 l\u2019exactitude et \u00e0 l\u2019actualit\u00e9 du contenu de son site, Caft2wear applique des mesures de v\u00e9rification et de mise \u00e0 jour, r\u00e9guli\u00e8res mais non syst\u00e9matiques. Si des erreurs sont signal\u00e9es, nous les corrigerons dans la mesure de nos possibilit\u00e9s. Caft2wear ne saurait \u00eatre r\u00e9put\u00e9 ou tenu responsable de toute erreur ou omission sur son site.<\/p>\n<p><strong>Contenu tiers<\/strong><\/p>\n<p>Caft2wear d\u00e9cline toute responsabilit\u00e9 pour les dommages directs ou indirects pouvant r\u00e9sulter de l\u2019utilisation des \u00e9l\u00e9ments d\u2019information disponibles sur son portail Internet. Cette derni\u00e8re n\u2019engage que la responsabilit\u00e9 des personnes morales et physiques concern\u00e9es.<br \/>\nAcc\u00e8s et disponibilit\u00e9 du site<br \/>\nL\u2019acc\u00e8s \u00e0 ce site peut \u00eatre suspendu, limit\u00e9 ou interrompu \u00e0 la discr\u00e9tion du Caft2wear temporairement ou de fa\u00e7on permanente, et ce, sans pr\u00e9avis. L\u2019entreprise a mis en place toutes les mesures n\u00e9cessaires pour que son portail Internet soit accessible et op\u00e9rationnel en tout temps. Toutefois, le fonctionnement du site peut \u00eatre affect\u00e9 par des \u00e9v\u00e9nements et\/ou des al\u00e9as hors de notre contr\u00f4le. Caft2wear ne sera pas tenu responsable en cas d\u2019interruption ou de suspension de son site.<\/p>\n","protected":false},"excerpt":{"rendered":"<p>Termes &amp; Conditions L\u2019acc\u00e8s et l\u2019utilisation de ce site impliquent l\u2019acceptation des termes et conditions g\u00e9n\u00e9rales qui suivent. Caft2wear se<\/p>\n","protected":false},"author":1,"featured_media":0,"parent":0,"menu_order":0,"comment_status":"closed","ping_status":"closed","template":"","meta":{"jetpack_post_was_ever_published":false,"footnotes":""},"class_list":["post-29238","page","type-page","status-publish","hentry"],"jetpack_sharing_enabled":true,"_links":{"self":[{"href":"https:\/\/caft2wear.com\/fr\/wp-json\/wp\/v2\/pages\/29238","targetHints":{"allow":["GET"]}}],"collection":[{"href":"https:\/\/caft2wear.com\/fr\/wp-json\/wp\/v2\/pages"}],"about":[{"href":"https:\/\/caft2wear.com\/fr\/wp-json\/wp\/v2\/types\/page"}],"author":[{"embeddable":true,"href":"https:\/\/caft2wear.com\/fr\/wp-json\/wp\/v2\/users\/1"}],"replies":[{"embeddable":true,"href":"https:\/\/caft2wear.com\/fr\/wp-json\/wp\/v2\/comments?post=29238"}],"version-history":[{"count":0,"href":"https:\/\/caft2wear.com\/fr\/wp-json\/wp\/v2\/pages\/29238\/revisions"}],"wp:attachment":[{"href":"https:\/\/caft2wear.com\/fr\/wp-json\/wp\/v2\/media?parent=29238"}],"curies":[{"name":"wp","href":"https:\/\/api.w.org\/{rel}","templated":true}]}}