{"id":36689,"date":"2024-08-15T21:37:39","date_gmt":"2024-08-15T20:37:39","guid":{"rendered":"https:\/\/caft2wear.com\/boutique\/chemises-tilila\/"},"modified":"2024-08-20T16:23:26","modified_gmt":"2024-08-20T15:23:26","slug":"chemises-tilila","status":"publish","type":"product","link":"https:\/\/caft2wear.com\/fr\/boutique\/chemises-tilila\/","title":{"rendered":"Chemises &#8211; TILILA"},"content":{"rendered":"<div class=\"wpb-content-wrapper\"><p>[vc_row][vc_column][vc_column_text css=\u00a0\u00bb\u00a0\u00bb woodmart_inline=\u00a0\u00bbno\u00a0\u00bb text_larger=\u00a0\u00bbno\u00a0\u00bb]\u00c9l\u00e9gante chemise en cr\u00eape de soie, orn\u00e9e de broderies artisanales marocaines \u00ab\u00a0Derss\u00a0\u00bb. Un savoir-faire unique, parfait pour une touche de raffinement.[\/vc_column_text][\/vc_column][\/vc_row]<\/p>\n<div id=\"eJOY__extension_root\" class=\"eJOY__extension_root_class\"><\/div>\n<\/div>","protected":false},"excerpt":{"rendered":"<p>[vc_row][vc_column][vc_column_text css=\u00a0\u00bb\u00a0\u00bb woodmart_inline=\u00a0\u00bbno\u00a0\u00bb text_larger=\u00a0\u00bbno\u00a0\u00bb]\u00c9l\u00e9gante chemise en cr\u00eape de soie, orn\u00e9e de broderies artisanales marocaines \u00ab\u00a0Derss\u00a0\u00bb. Un savoir-faire unique, parfait pour une touche de raffinement.[\/vc_column_text][\/vc_column][\/vc_row]<\/p>\n<div id=\"eJOY__extension_root\" class=\"eJOY__extension_root_class\"><\/div>\n","protected":false},"featured_media":36409,"comment_status":"open","ping_status":"closed","template":"","meta":[],"product_brand":[],"product_cat":[227],"product_tag":[],"class_list":{"0":"post-36689","1":"product","2":"type-product","3":"status-publish","4":"has-post-thumbnail","6":"product_cat-haut","8":"first","9":"instock","10":"shipping-taxable","11":"purchasable","12":"product-type-variable"},"jetpack_sharing_enabled":true,"_links":{"self":[{"href":"https:\/\/caft2wear.com\/fr\/wp-json\/wp\/v2\/product\/36689","targetHints":{"allow":["GET"]}}],"collection":[{"href":"https:\/\/caft2wear.com\/fr\/wp-json\/wp\/v2\/product"}],"about":[{"href":"https:\/\/caft2wear.com\/fr\/wp-json\/wp\/v2\/types\/product"}],"replies":[{"embeddable":true,"href":"https:\/\/caft2wear.com\/fr\/wp-json\/wp\/v2\/comments?post=36689"}],"wp:featuredmedia":[{"embeddable":true,"href":"https:\/\/caft2wear.com\/fr\/wp-json\/wp\/v2\/media\/36409"}],"wp:attachment":[{"href":"https:\/\/caft2wear.com\/fr\/wp-json\/wp\/v2\/media?parent=36689"}],"wp:term":[{"taxonomy":"product_brand","embeddable":true,"href":"https:\/\/caft2wear.com\/fr\/wp-json\/wp\/v2\/product_brand?post=36689"},{"taxonomy":"product_cat","embeddable":true,"href":"https:\/\/caft2wear.com\/fr\/wp-json\/wp\/v2\/product_cat?post=36689"},{"taxonomy":"product_tag","embeddable":true,"href":"https:\/\/caft2wear.com\/fr\/wp-json\/wp\/v2\/product_tag?post=36689"}],"curies":[{"name":"wp","href":"https:\/\/api.w.org\/{rel}","templated":true}]}}