{"id":36706,"date":"2024-08-15T21:24:39","date_gmt":"2024-08-15T20:24:39","guid":{"rendered":"https:\/\/caft2wear.com\/boutique\/kimono-marron-akal\/"},"modified":"2024-08-20T16:23:26","modified_gmt":"2024-08-20T15:23:26","slug":"kimono-marron-akal","status":"publish","type":"product","link":"https:\/\/caft2wear.com\/fr\/boutique\/kimono-marron-akal\/","title":{"rendered":"Kimono marron &#8211; AKAL"},"content":{"rendered":"<div class=\"wpb-content-wrapper\"><p>[vc_row][vc_column][vc_column_text css=\u00a0\u00bb\u00a0\u00bb woodmart_inline=\u00a0\u00bbno\u00a0\u00bb text_larger=\u00a0\u00bbno\u00a0\u00bb]Kimono en cr\u00eape iris\u00e9 dor\u00e9, superpos\u00e9 \u00e0 un caftan sans manches, accentu\u00e9 par une ceinture marocaine traditionnelle, offrant un style \u00e9l\u00e9gant et intemporel.<\/p>\n<div id=\"eJOY__extension_root\" class=\"eJOY__extension_root_class\"><\/div>\n<p>[\/vc_column_text][\/vc_column][\/vc_row]<\/p>\n<\/div>","protected":false},"excerpt":{"rendered":"<p>[vc_row][vc_column][vc_column_text css=\u00a0\u00bb\u00a0\u00bb woodmart_inline=\u00a0\u00bbno\u00a0\u00bb text_larger=\u00a0\u00bbno\u00a0\u00bb]Kimono en cr\u00eape iris\u00e9 dor\u00e9, superpos\u00e9 \u00e0 un caftan sans manches, accentu\u00e9 par une ceinture marocaine traditionnelle, offrant un style \u00e9l\u00e9gant et intemporel.<\/p>\n<div id=\"eJOY__extension_root\" class=\"eJOY__extension_root_class\"><\/div>\n<p>[\/vc_column_text][\/vc_column][\/vc_row]<\/p>\n","protected":false},"featured_media":36534,"comment_status":"open","ping_status":"closed","template":"","meta":{"jetpack_post_was_ever_published":false},"product_brand":[],"product_cat":[],"product_tag":[],"class_list":{"0":"post-36706","1":"product","2":"type-product","3":"status-publish","4":"has-post-thumbnail","7":"first","8":"instock","9":"shipping-taxable","10":"purchasable","11":"product-type-variable"},"jetpack_sharing_enabled":true,"_links":{"self":[{"href":"https:\/\/caft2wear.com\/fr\/wp-json\/wp\/v2\/product\/36706","targetHints":{"allow":["GET"]}}],"collection":[{"href":"https:\/\/caft2wear.com\/fr\/wp-json\/wp\/v2\/product"}],"about":[{"href":"https:\/\/caft2wear.com\/fr\/wp-json\/wp\/v2\/types\/product"}],"replies":[{"embeddable":true,"href":"https:\/\/caft2wear.com\/fr\/wp-json\/wp\/v2\/comments?post=36706"}],"wp:featuredmedia":[{"embeddable":true,"href":"https:\/\/caft2wear.com\/fr\/wp-json\/wp\/v2\/media\/36534"}],"wp:attachment":[{"href":"https:\/\/caft2wear.com\/fr\/wp-json\/wp\/v2\/media?parent=36706"}],"wp:term":[{"taxonomy":"product_brand","embeddable":true,"href":"https:\/\/caft2wear.com\/fr\/wp-json\/wp\/v2\/product_brand?post=36706"},{"taxonomy":"product_cat","embeddable":true,"href":"https:\/\/caft2wear.com\/fr\/wp-json\/wp\/v2\/product_cat?post=36706"},{"taxonomy":"product_tag","embeddable":true,"href":"https:\/\/caft2wear.com\/fr\/wp-json\/wp\/v2\/product_tag?post=36706"}],"curies":[{"name":"wp","href":"https:\/\/api.w.org\/{rel}","templated":true}]}}