{"id":36739,"date":"2024-08-15T21:05:16","date_gmt":"2024-08-15T20:05:16","guid":{"rendered":"https:\/\/caft2wear.com\/boutique\/ensemble-noir-veste-et-combinaison-tayri\/"},"modified":"2024-08-20T16:23:27","modified_gmt":"2024-08-20T15:23:27","slug":"ensemble-noir-veste-et-combinaison-tayri","status":"publish","type":"product","link":"https:\/\/caft2wear.com\/fr\/boutique\/ensemble-noir-veste-et-combinaison-tayri\/","title":{"rendered":"Ensemble noir veste et combinaison &#8211; TAYRI"},"content":{"rendered":"<div class=\"wpb-content-wrapper\"><p>[vc_row][vc_column][vc_column_text css=\u00a0\u00bb\u00a0\u00bb woodmart_inline=\u00a0\u00bbno\u00a0\u00bb text_larger=\u00a0\u00bbno\u00a0\u00bb]Ensemble compos\u00e9 d&rsquo;une combinaison noire en cr\u00eape de soie orn\u00e9 de passementerie marocaine et d&rsquo;une veste originale en patchwork.<br \/>\nCet ensemble audacieux allie diff\u00e9rents tissus et motifs, avec une ceinture marocaine authentique pour une touche unique.[\/vc_column_text][\/vc_column][\/vc_row]<\/p>\n<div id=\"eJOY__extension_root\" class=\"eJOY__extension_root_class\"><\/div>\n<\/div>","protected":false},"excerpt":{"rendered":"<p>[vc_row][vc_column][vc_column_text css=\u00a0\u00bb\u00a0\u00bb woodmart_inline=\u00a0\u00bbno\u00a0\u00bb text_larger=\u00a0\u00bbno\u00a0\u00bb]Ensemble compos\u00e9 d&rsquo;une combinaison noire en cr\u00eape de soie orn\u00e9 de passementerie marocaine et d&rsquo;une veste originale en patchwork.<br \/>\nCet ensemble audacieux allie diff\u00e9rents tissus et motifs, avec une ceinture marocaine authentique pour une touche unique.[\/vc_column_text][\/vc_column][\/vc_row]<\/p>\n<div id=\"eJOY__extension_root\" class=\"eJOY__extension_root_class\"><\/div>\n","protected":false},"featured_media":36433,"comment_status":"open","ping_status":"closed","template":"","meta":{"jetpack_post_was_ever_published":false},"product_brand":[],"product_cat":[224],"product_tag":[],"class_list":{"0":"post-36739","1":"product","2":"type-product","3":"status-publish","4":"has-post-thumbnail","6":"product_cat-ensemble","8":"first","9":"instock","10":"shipping-taxable","11":"purchasable","12":"product-type-variable"},"jetpack_sharing_enabled":true,"_links":{"self":[{"href":"https:\/\/caft2wear.com\/fr\/wp-json\/wp\/v2\/product\/36739","targetHints":{"allow":["GET"]}}],"collection":[{"href":"https:\/\/caft2wear.com\/fr\/wp-json\/wp\/v2\/product"}],"about":[{"href":"https:\/\/caft2wear.com\/fr\/wp-json\/wp\/v2\/types\/product"}],"replies":[{"embeddable":true,"href":"https:\/\/caft2wear.com\/fr\/wp-json\/wp\/v2\/comments?post=36739"}],"wp:featuredmedia":[{"embeddable":true,"href":"https:\/\/caft2wear.com\/fr\/wp-json\/wp\/v2\/media\/36433"}],"wp:attachment":[{"href":"https:\/\/caft2wear.com\/fr\/wp-json\/wp\/v2\/media?parent=36739"}],"wp:term":[{"taxonomy":"product_brand","embeddable":true,"href":"https:\/\/caft2wear.com\/fr\/wp-json\/wp\/v2\/product_brand?post=36739"},{"taxonomy":"product_cat","embeddable":true,"href":"https:\/\/caft2wear.com\/fr\/wp-json\/wp\/v2\/product_cat?post=36739"},{"taxonomy":"product_tag","embeddable":true,"href":"https:\/\/caft2wear.com\/fr\/wp-json\/wp\/v2\/product_tag?post=36739"}],"curies":[{"name":"wp","href":"https:\/\/api.w.org\/{rel}","templated":true}]}}