{"id":36741,"date":"2024-08-15T21:01:06","date_gmt":"2024-08-15T20:01:06","guid":{"rendered":"https:\/\/caft2wear.com\/boutique\/caftan-mauve-tameghra\/"},"modified":"2024-08-20T16:23:27","modified_gmt":"2024-08-20T15:23:27","slug":"caftan-mauve-tameghra","status":"publish","type":"product","link":"https:\/\/caft2wear.com\/fr\/boutique\/caftan-mauve-tameghra\/","title":{"rendered":"Caftan mauve &#8211; TAMEGHRA"},"content":{"rendered":"<div class=\"wpb-content-wrapper\"><p>[vc_row][vc_column][vc_column_text css=\u00a0\u00bb\u00a0\u00bb woodmart_inline=\u00a0\u00bbno\u00a0\u00bb text_larger=\u00a0\u00bbno\u00a0\u00bb]Caftan en tissu mousseline Tlija, avec une coupe traditionnelle. Orn\u00e9 de passementerie marocaine sfifa et accompagn\u00e9 d&rsquo;une ceinture marocaine assortie, il apporte une touche \u00e9l\u00e9gante et authentique \u00e0 votre garde-robe.[\/vc_column_text][\/vc_column][\/vc_row]<\/p>\n<\/div>","protected":false},"excerpt":{"rendered":"<p>[vc_row][vc_column][vc_column_text css=\u00a0\u00bb\u00a0\u00bb woodmart_inline=\u00a0\u00bbno\u00a0\u00bb text_larger=\u00a0\u00bbno\u00a0\u00bb]Caftan en tissu mousseline Tlija, avec une coupe traditionnelle. Orn\u00e9 de passementerie marocaine sfifa et accompagn\u00e9 d&rsquo;une ceinture marocaine assortie, il apporte une touche \u00e9l\u00e9gante et authentique \u00e0 votre garde-robe.[\/vc_column_text][\/vc_column][\/vc_row]<\/p>\n","protected":false},"featured_media":36455,"comment_status":"open","ping_status":"closed","template":"","meta":{"jetpack_post_was_ever_published":false},"product_brand":[],"product_cat":[],"product_tag":[],"class_list":{"0":"post-36741","1":"product","2":"type-product","3":"status-publish","4":"has-post-thumbnail","7":"first","8":"instock","9":"shipping-taxable","10":"purchasable","11":"product-type-variable"},"jetpack_sharing_enabled":true,"_links":{"self":[{"href":"https:\/\/caft2wear.com\/fr\/wp-json\/wp\/v2\/product\/36741","targetHints":{"allow":["GET"]}}],"collection":[{"href":"https:\/\/caft2wear.com\/fr\/wp-json\/wp\/v2\/product"}],"about":[{"href":"https:\/\/caft2wear.com\/fr\/wp-json\/wp\/v2\/types\/product"}],"replies":[{"embeddable":true,"href":"https:\/\/caft2wear.com\/fr\/wp-json\/wp\/v2\/comments?post=36741"}],"wp:featuredmedia":[{"embeddable":true,"href":"https:\/\/caft2wear.com\/fr\/wp-json\/wp\/v2\/media\/36455"}],"wp:attachment":[{"href":"https:\/\/caft2wear.com\/fr\/wp-json\/wp\/v2\/media?parent=36741"}],"wp:term":[{"taxonomy":"product_brand","embeddable":true,"href":"https:\/\/caft2wear.com\/fr\/wp-json\/wp\/v2\/product_brand?post=36741"},{"taxonomy":"product_cat","embeddable":true,"href":"https:\/\/caft2wear.com\/fr\/wp-json\/wp\/v2\/product_cat?post=36741"},{"taxonomy":"product_tag","embeddable":true,"href":"https:\/\/caft2wear.com\/fr\/wp-json\/wp\/v2\/product_tag?post=36741"}],"curies":[{"name":"wp","href":"https:\/\/api.w.org\/{rel}","templated":true}]}}