{"id":36745,"date":"2024-08-15T18:35:52","date_gmt":"2024-08-15T17:35:52","guid":{"rendered":"https:\/\/caft2wear.com\/boutique\/robe-decote-asymetrique-ahdoum\/"},"modified":"2024-08-20T16:23:27","modified_gmt":"2024-08-20T15:23:27","slug":"robe-decote-asymetrique-ahdoum","status":"publish","type":"product","link":"https:\/\/caft2wear.com\/fr\/boutique\/robe-decote-asymetrique-ahdoum\/","title":{"rendered":"Robe d\u00e9cot\u00e9 asym\u00e9trique &#8211; AHDOUM"},"content":{"rendered":"<div class=\"wpb-content-wrapper\"><p>[vc_row][vc_column][vc_column_text css=\u00a0\u00bb\u00a0\u00bb woodmart_inline=\u00a0\u00bbno\u00a0\u00bb text_larger=\u00a0\u00bbno\u00a0\u00bb]Cette robe caftan en cr\u00eape de soie iris\u00e9, marie un design moderne \u00e0 des d\u00e9tails du caftan marocain. D\u00e9collet\u00e9 asym\u00e9trique, manches chemise, et ceinture marocaine pour un raffinement unique.[\/vc_column_text][\/vc_column][\/vc_row]<\/p>\n<\/div>","protected":false},"excerpt":{"rendered":"<p>[vc_row][vc_column][vc_column_text css=\u00a0\u00bb\u00a0\u00bb woodmart_inline=\u00a0\u00bbno\u00a0\u00bb text_larger=\u00a0\u00bbno\u00a0\u00bb]Cette robe caftan en cr\u00eape de soie iris\u00e9, marie un design moderne \u00e0 des d\u00e9tails du caftan marocain. D\u00e9collet\u00e9 asym\u00e9trique, manches chemise, et ceinture marocaine pour un raffinement unique.[\/vc_column_text][\/vc_column][\/vc_row]<\/p>\n","protected":false},"featured_media":36558,"comment_status":"open","ping_status":"closed","template":"","meta":{"jetpack_post_was_ever_published":false},"product_brand":[],"product_cat":[],"product_tag":[],"class_list":{"0":"post-36745","1":"product","2":"type-product","3":"status-publish","4":"has-post-thumbnail","7":"first","8":"instock","9":"shipping-taxable","10":"purchasable","11":"product-type-variable"},"jetpack_sharing_enabled":true,"_links":{"self":[{"href":"https:\/\/caft2wear.com\/fr\/wp-json\/wp\/v2\/product\/36745","targetHints":{"allow":["GET"]}}],"collection":[{"href":"https:\/\/caft2wear.com\/fr\/wp-json\/wp\/v2\/product"}],"about":[{"href":"https:\/\/caft2wear.com\/fr\/wp-json\/wp\/v2\/types\/product"}],"replies":[{"embeddable":true,"href":"https:\/\/caft2wear.com\/fr\/wp-json\/wp\/v2\/comments?post=36745"}],"wp:featuredmedia":[{"embeddable":true,"href":"https:\/\/caft2wear.com\/fr\/wp-json\/wp\/v2\/media\/36558"}],"wp:attachment":[{"href":"https:\/\/caft2wear.com\/fr\/wp-json\/wp\/v2\/media?parent=36745"}],"wp:term":[{"taxonomy":"product_brand","embeddable":true,"href":"https:\/\/caft2wear.com\/fr\/wp-json\/wp\/v2\/product_brand?post=36745"},{"taxonomy":"product_cat","embeddable":true,"href":"https:\/\/caft2wear.com\/fr\/wp-json\/wp\/v2\/product_cat?post=36745"},{"taxonomy":"product_tag","embeddable":true,"href":"https:\/\/caft2wear.com\/fr\/wp-json\/wp\/v2\/product_tag?post=36745"}],"curies":[{"name":"wp","href":"https:\/\/api.w.org\/{rel}","templated":true}]}}