{"id":36759,"date":"2024-08-15T11:18:38","date_gmt":"2024-08-15T10:18:38","guid":{"rendered":"https:\/\/caft2wear.com\/boutique\/kimono-et-gilet-tagellidt\/"},"modified":"2024-08-20T16:23:27","modified_gmt":"2024-08-20T15:23:27","slug":"kimono-et-gilet-tagellidt","status":"publish","type":"product","link":"https:\/\/caft2wear.com\/fr\/boutique\/kimono-et-gilet-tagellidt\/","title":{"rendered":"kimono et gilet &#8211; TAGELLIDT"},"content":{"rendered":"<div class=\"wpb-content-wrapper\"><p>[vc_row][vc_column][vc_column_text css=\u00a0\u00bb\u00a0\u00bb woodmart_inline=\u00a0\u00bbno\u00a0\u00bb text_larger=\u00a0\u00bbno\u00a0\u00bb]Ensemble kimono en cr\u00eape de soie\u00a0 orn\u00e9 d\u2019une Sfifa dor\u00e9e (passementerie), faite par nos artisans locaux, compl\u00e9t\u00e9 par un pantalon fluide et un gilet en mousseline Tlija l\u00e9g\u00e8re<br \/>\n[\/vc_column_text][\/vc_column][\/vc_row]<\/p>\n<\/div>","protected":false},"excerpt":{"rendered":"<p>[vc_row][vc_column][vc_column_text css=\u00a0\u00bb\u00a0\u00bb woodmart_inline=\u00a0\u00bbno\u00a0\u00bb text_larger=\u00a0\u00bbno\u00a0\u00bb]Ensemble kimono en cr\u00eape de soie\u00a0 orn\u00e9 d\u2019une Sfifa dor\u00e9e (passementerie), faite par nos artisans locaux, compl\u00e9t\u00e9 par un pantalon fluide et un gilet en mousseline Tlija l\u00e9g\u00e8re<br \/>\n[\/vc_column_text][\/vc_column][\/vc_row]<\/p>\n","protected":false},"featured_media":36384,"comment_status":"open","ping_status":"closed","template":"","meta":{"jetpack_post_was_ever_published":false},"product_brand":[],"product_cat":[224],"product_tag":[],"class_list":{"0":"post-36759","1":"product","2":"type-product","3":"status-publish","4":"has-post-thumbnail","6":"product_cat-ensemble","8":"first","9":"instock","10":"shipping-taxable","11":"purchasable","12":"product-type-variable"},"jetpack_sharing_enabled":true,"_links":{"self":[{"href":"https:\/\/caft2wear.com\/fr\/wp-json\/wp\/v2\/product\/36759","targetHints":{"allow":["GET"]}}],"collection":[{"href":"https:\/\/caft2wear.com\/fr\/wp-json\/wp\/v2\/product"}],"about":[{"href":"https:\/\/caft2wear.com\/fr\/wp-json\/wp\/v2\/types\/product"}],"replies":[{"embeddable":true,"href":"https:\/\/caft2wear.com\/fr\/wp-json\/wp\/v2\/comments?post=36759"}],"wp:featuredmedia":[{"embeddable":true,"href":"https:\/\/caft2wear.com\/fr\/wp-json\/wp\/v2\/media\/36384"}],"wp:attachment":[{"href":"https:\/\/caft2wear.com\/fr\/wp-json\/wp\/v2\/media?parent=36759"}],"wp:term":[{"taxonomy":"product_brand","embeddable":true,"href":"https:\/\/caft2wear.com\/fr\/wp-json\/wp\/v2\/product_brand?post=36759"},{"taxonomy":"product_cat","embeddable":true,"href":"https:\/\/caft2wear.com\/fr\/wp-json\/wp\/v2\/product_cat?post=36759"},{"taxonomy":"product_tag","embeddable":true,"href":"https:\/\/caft2wear.com\/fr\/wp-json\/wp\/v2\/product_tag?post=36759"}],"curies":[{"name":"wp","href":"https:\/\/api.w.org\/{rel}","templated":true}]}}